{"id":243,"date":"2020-04-14T11:07:39","date_gmt":"2020-04-14T09:07:39","guid":{"rendered":"https:\/\/www.tps-recruitment.de\/jobs\/"},"modified":"2026-02-11T23:30:12","modified_gmt":"2026-02-11T22:30:12","slug":"karriere","status":"publish","type":"page","link":"https:\/\/www.tps-recruitment.de\/en\/karriere\/","title":{"rendered":"Career"},"content":{"rendered":"<div data-elementor-type=\"wp-page\" data-elementor-id=\"243\" class=\"elementor elementor-243\">\n\t\t\t\t\t\t<section class=\"elementor-section elementor-top-section elementor-element elementor-element-2afddb08 elementor-section-boxed elementor-section-height-default elementor-section-height-default\" data-id=\"2afddb08\" data-element_type=\"section\" data-e-type=\"section\" data-settings=\"{&quot;background_background&quot;:&quot;classic&quot;,&quot;shape_divider_bottom&quot;:&quot;curve&quot;,&quot;shape_divider_bottom_negative&quot;:&quot;yes&quot;}\">\n\t\t\t\t\t\t\t<div class=\"elementor-background-overlay\"><\/div>\n\t\t\t\t\t\t<div class=\"elementor-shape elementor-shape-bottom\" aria-hidden=\"true\" data-negative=\"true\">\n\t\t\t<svg xmlns=\"http:\/\/www.w3.org\/2000\/svg\" viewbox=\"0 0 1000 100\" preserveaspectratio=\"none\">\n\t<path class=\"elementor-shape-fill\" d=\"M500,97C126.7,96.3,0.8,19.8,0,0v100l1000,0V1C1000,19.4,873.3,97.8,500,97z\"\/>\n<\/svg>\t\t<\/div>\n\t\t\t\t\t<div class=\"elementor-container elementor-column-gap-default\">\n\t\t\t\t\t<div class=\"elementor-column elementor-col-100 elementor-top-column elementor-element elementor-element-550d0dfa\" data-id=\"550d0dfa\" data-element_type=\"column\" data-e-type=\"column\">\n\t\t\t<div class=\"elementor-widget-wrap elementor-element-populated\">\n\t\t\t\t\t\t<div class=\"elementor-element elementor-element-c09cd2f elementor-widget elementor-widget-heading\" data-id=\"c09cd2f\" data-element_type=\"widget\" data-e-type=\"widget\" data-widget_type=\"heading.default\">\n\t\t\t\t<div class=\"elementor-widget-container\">\n\t\t\t\t\t<h2 class=\"elementor-heading-title elementor-size-default\">Your application<\/h2>\t\t\t\t<\/div>\n\t\t\t\t<\/div>\n\t\t\t\t\t<\/div>\n\t\t<\/div>\n\t\t\t\t\t<\/div>\n\t\t<\/section>\n\t\t\t\t<section class=\"elementor-section elementor-top-section elementor-element elementor-element-7cf3c45a elementor-section-boxed elementor-section-height-default elementor-section-height-default\" data-id=\"7cf3c45a\" data-element_type=\"section\" data-e-type=\"section\" data-settings=\"{&quot;background_background&quot;:&quot;classic&quot;}\">\n\t\t\t\t\t\t<div class=\"elementor-container elementor-column-gap-wide\">\n\t\t\t\t\t<div class=\"elementor-column elementor-col-100 elementor-top-column elementor-element elementor-element-776043be\" data-id=\"776043be\" data-element_type=\"column\" data-e-type=\"column\">\n\t\t\t<div class=\"elementor-widget-wrap elementor-element-populated\">\n\t\t\t\t\t\t<div class=\"elementor-element elementor-element-5d00faa5 elementor-widget elementor-widget-heading\" data-id=\"5d00faa5\" data-element_type=\"widget\" data-e-type=\"widget\" data-widget_type=\"heading.default\">\n\t\t\t\t<div class=\"elementor-widget-container\">\n\t\t\t\t\t<h3 class=\"elementor-heading-title elementor-size-default\">Job offers<div style=\"position: absolute;left: -995366px\"><h2>Warum IT-Profis die wahren Helden hinter den Online-Casinos sind<\/h2><p>Wei\u00dft du, was mir letztens passiert ist? Ich war auf einer dieser Online-Casino-Webseiten, du wei\u00dft schon, die, bei denen du beim Spielen von Slots fast vergisst, wie viel Zeit vergangen ist. Der Jackpot blinkte und pl\u00f6tzlich wurde ich gefragt, ob ich meine Gewinne sofort ausgezahlt haben m\u00f6chte. Und da war es: die Auszahlung. Blitzschnell. Keine Wartezeit, keine Fehler. Einfach so. Und im ersten Moment denkst du: \"Wow, das ist ja wirklich gut.\" Aber mal unter uns: hast du jemals dar\u00fcber nachgedacht, was da eigentlich alles dahintersteckt? Was alles im Hintergrund passieren muss, damit du deine Gewinne so schnell bekommst?<\/p><p>Wer schon mal mit Online-Gl\u00fccksspielen zu tun hatte, der wei\u00df: hinter jeder schnellen Auszahlung, hinter jedem einzelnen Spin auf den Slots, steckt eine Menge Technik. Diese ganzen Systeme \u2013 die Server, die Datenbanken, die Codezeilen, die unsichtbar im Hintergrund arbeiten \u2013 sorgen daf\u00fcr, dass deine Wette nicht nur akzeptiert wird, sondern auch sicher verarbeitet und schnell ausgezahlt wird. Und da kommen sie ins Spiel: die IT-Spezialisten, die daf\u00fcr sorgen, dass alles glatt l\u00e4uft. Sie sind die wahren Helden, von denen man so wenig h\u00f6rt. Ohne sie w\u00fcrden diese Online-Casinos einfach nicht funktionieren. <\/p><p>Und mal ehrlich, wer denkt bei einem aufregenden Wettkampf auf Sport oder einem spannenden Roulettespiel wirklich an die ganzen Algorithmen und Codes, die das Ganze erm\u00f6glichen? Keiner. Aber genau hier kommt <a href=\"https:\/\/sun-maker.com\/de\/\" target=\"_blank\" rel=\"noopener\">sun-maker.com<\/a> ins Spiel. Sie stellen sicher, dass alles funktioniert. Diese IT-Profis programmieren und pflegen die Systeme, auf denen die Wetten platziert, die Spiele gespielt und die Auszahlungen gemacht werden. Es geht nicht nur darum, den Spielern ein gutes Erlebnis zu bieten, sondern auch darum, dass alles reibungslos und vor allem sicher l\u00e4uft. <\/p><p>Ich erinnere mich noch an die Zeit, als ich mit einem Entwickler sprach, der an einer der gr\u00f6\u00dften Casino-Plattformen arbeitete. Was mich immer wieder erstaunt hat, ist, wie viel Arbeit in die Sicherheit und Stabilit\u00e4t der Systeme flie\u00dft. Jeder Spin, jeder Einsatz \u2013 alles muss in Echtzeit verarbeitet werden. Und das geht nur mit der richtigen Technologie, den richtigen Spezialisten. Denn stell dir vor, du gewinnst eine riesige Summe und dann passiert etwas \u2013 die Auszahlung verz\u00f6gert sich oder der Server ist \u00fcberlastet. Kein Spa\u00df, oder? Genau deshalb sind diese IT-Helden so wichtig.<\/p><\/div><\/h3>\t\t\t\t<\/div>\n\t\t\t\t<\/div>\n\t\t\t\t<div class=\"elementor-element elementor-element-6cdb1b0a elementor-view-default elementor-widget elementor-widget-icon\" data-id=\"6cdb1b0a\" data-element_type=\"widget\" data-e-type=\"widget\" data-widget_type=\"icon.default\">\n\t\t\t\t<div class=\"elementor-widget-container\">\n\t\t\t\t\t\t\t<div class=\"elementor-icon-wrapper\">\n\t\t\t<div class=\"elementor-icon\">\n\t\t\t<i aria-hidden=\"true\" class=\"fas fa-laptop\"><\/i>\t\t\t<\/div>\n\t\t<\/div>\n\t\t\t\t\t\t<\/div>\n\t\t\t\t<\/div>\n\t\t\t\t\t<\/div>\n\t\t<\/div>\n\t\t\t\t\t<\/div>\n\t\t<\/section>\n\t\t\t\t<section class=\"elementor-section elementor-top-section elementor-element elementor-element-39d54da elementor-section-boxed elementor-section-height-default elementor-section-height-default\" data-id=\"39d54da\" data-element_type=\"section\" data-e-type=\"section\" data-settings=\"{&quot;background_background&quot;:&quot;classic&quot;}\">\n\t\t\t\t\t\t<div class=\"elementor-container elementor-column-gap-default\">\n\t\t\t\t\t<div class=\"elementor-column elementor-col-100 elementor-top-column elementor-element elementor-element-e21ebfd\" data-id=\"e21ebfd\" data-element_type=\"column\" data-e-type=\"column\">\n\t\t\t<div class=\"elementor-widget-wrap elementor-element-populated\">\n\t\t\t\t\t\t<div class=\"elementor-element elementor-element-6b2fbb6 elementor-widget elementor-widget-wp-widget-widget_recent_jobs\" data-id=\"6b2fbb6\" data-element_type=\"widget\" data-e-type=\"widget\" data-widget_type=\"wp-widget-widget_recent_jobs.default\">\n\t\t\t\t<div class=\"elementor-widget-container\">\n\t\t\t\t\t\n\t\t\t\n\t\t\t<h5>Current positions<\/h5>\n\t\t\t<ul class=\"job_listings\">\n\n\t\t\t\t\n\t\t\t\t\t<li class=\"post-496 job_listing type-job_listing status-expired hentry entry job-type-full-time\">\n\t<a href=\"https:\/\/www.tps-recruitment.de\/en\/?post_type=job_listing&#038;p=496\">\n\t\t\t\t<div class=\"content\">\n\t\t\t<div class=\"position\">\n\t\t\t\t<h3>Licensed Aircraft Structure Mechanics (EASA Certified)<\/h3>\n\t\t\t<\/div>\n\t\t\t<ul class=\"meta\">\n\t\t\t\t<li class=\"location\">Hamburg, Germany<\/li>\n\t\t\t\t<li class=\"company\">TPS, ALTHOM GROUP<\/li>\n\t\t\t\t\t\t\t\t\t\t\t\t\t\t\t\t\t\t\t\t<li class=\"job-type full-time\">Full Time<\/li>\n\t\t\t\t\t\t\t\t\t\t\t\t<\/ul>\n\t\t<\/div>\n\t<\/a>\n<\/li>\n\n\t\t\t\t\n\t\t\t<\/ul>\n\n\t\t\t\n\t\t\t\t\t\t<\/div>\n\t\t\t\t<\/div>\n\t\t\t\t\t<\/div>\n\t\t<\/div>\n\t\t\t\t\t<\/div>\n\t\t<\/section>\n\t\t\t\t<section class=\"elementor-section elementor-top-section elementor-element elementor-element-dc2ff85 elementor-section-boxed elementor-section-height-default elementor-section-height-default\" data-id=\"dc2ff85\" data-element_type=\"section\" data-e-type=\"section\" data-settings=\"{&quot;background_background&quot;:&quot;classic&quot;}\">\n\t\t\t\t\t\t<div class=\"elementor-container elementor-column-gap-wide\">\n\t\t\t\t\t<div class=\"elementor-column elementor-col-100 elementor-top-column elementor-element elementor-element-8f3d221\" data-id=\"8f3d221\" data-element_type=\"column\" data-e-type=\"column\">\n\t\t\t<div class=\"elementor-widget-wrap elementor-element-populated\">\n\t\t\t\t\t\t<div class=\"elementor-element elementor-element-7affc7e elementor-widget elementor-widget-spacer\" data-id=\"7affc7e\" data-element_type=\"widget\" data-e-type=\"widget\" data-widget_type=\"spacer.default\">\n\t\t\t\t<div class=\"elementor-widget-container\">\n\t\t\t\t\t\t\t<div class=\"elementor-spacer\">\n\t\t\t<div class=\"elementor-spacer-inner\"><\/div>\n\t\t<\/div>\n\t\t\t\t\t\t<\/div>\n\t\t\t\t<\/div>\n\t\t\t\t<div class=\"elementor-element elementor-element-ecab2d7 elementor-widget elementor-widget-heading\" data-id=\"ecab2d7\" data-element_type=\"widget\" data-e-type=\"widget\" data-widget_type=\"heading.default\">\n\t\t\t\t<div class=\"elementor-widget-container\">\n\t\t\t\t\t<h3 class=\"elementor-heading-title elementor-size-default\">Speculative application<\/h3>\t\t\t\t<\/div>\n\t\t\t\t<\/div>\n\t\t\t\t\t<\/div>\n\t\t<\/div>\n\t\t\t\t\t<\/div>\n\t\t<\/section>\n\t\t\t\t<section class=\"elementor-section elementor-top-section elementor-element elementor-element-aff01df elementor-section-boxed elementor-section-height-default elementor-section-height-default\" data-id=\"aff01df\" data-element_type=\"section\" data-e-type=\"section\">\n\t\t\t\t\t\t<div class=\"elementor-container elementor-column-gap-wide\">\n\t\t\t\t\t<div class=\"elementor-column elementor-col-100 elementor-top-column elementor-element elementor-element-1ce2c5b\" data-id=\"1ce2c5b\" data-element_type=\"column\" data-e-type=\"column\">\n\t\t\t<div class=\"elementor-widget-wrap elementor-element-populated\">\n\t\t\t\t\t\t<div class=\"elementor-element elementor-element-0efe9b7 elementor-widget elementor-widget-text-editor\" data-id=\"0efe9b7\" data-element_type=\"widget\" data-e-type=\"widget\" data-widget_type=\"text-editor.default\">\n\t\t\t\t<div class=\"elementor-widget-container\">\n\t\t\t\t\t\t\t\t\t<p>You would like to change professionally or are looking for a new challenge<\/p><p>as technical writer, development engineer or software developer.<\/p><p>We will find the right working environment for you.<\/p><p><span style=\"color: #be1600;\">You are welcome to apply to us <a style=\"color: #be1600;\" href=\"mailto:bewerbung@tps-recruitment.de\">bewerbung@tps-recruitment.de\u00a0<\/a><\/span><\/p>\t\t\t\t\t\t\t\t<\/div>\n\t\t\t\t<\/div>\n\t\t\t\t\t<\/div>\n\t\t<\/div>\n\t\t\t\t\t<\/div>\n\t\t<\/section>\n\t\t\t\t<section class=\"elementor-section elementor-top-section elementor-element elementor-element-548247b elementor-section-boxed elementor-section-height-default elementor-section-height-default\" data-id=\"548247b\" data-element_type=\"section\" data-e-type=\"section\">\n\t\t\t\t\t\t<div class=\"elementor-container elementor-column-gap-default\">\n\t\t\t\t\t<div class=\"elementor-column elementor-col-100 elementor-top-column elementor-element elementor-element-b81501e\" data-id=\"b81501e\" data-element_type=\"column\" data-e-type=\"column\">\n\t\t\t<div class=\"elementor-widget-wrap elementor-element-populated\">\n\t\t\t\t\t\t<div class=\"elementor-element elementor-element-4c94a74 elementor-widget elementor-widget-spacer\" data-id=\"4c94a74\" data-element_type=\"widget\" data-e-type=\"widget\" data-widget_type=\"spacer.default\">\n\t\t\t\t<div class=\"elementor-widget-container\">\n\t\t\t\t\t\t\t<div class=\"elementor-spacer\">\n\t\t\t<div class=\"elementor-spacer-inner\"><\/div>\n\t\t<\/div>\n\t\t\t\t\t\t<\/div>\n\t\t\t\t<\/div>\n\t\t\t\t\t<\/div>\n\t\t<\/div>\n\t\t\t\t\t<\/div>\n\t\t<\/section>\n\t\t\t\t<section class=\"elementor-section elementor-top-section elementor-element elementor-element-15c49b58 elementor-section-boxed elementor-section-height-default elementor-section-height-default\" data-id=\"15c49b58\" data-element_type=\"section\" data-e-type=\"section\" data-settings=\"{&quot;background_background&quot;:&quot;classic&quot;,&quot;shape_divider_top&quot;:&quot;curve&quot;,&quot;shape_divider_top_negative&quot;:&quot;yes&quot;}\">\n\t\t\t\t\t\t\t<div class=\"elementor-background-overlay\"><\/div>\n\t\t\t\t\t\t<div class=\"elementor-shape elementor-shape-top\" aria-hidden=\"true\" data-negative=\"true\">\n\t\t\t<svg xmlns=\"http:\/\/www.w3.org\/2000\/svg\" viewbox=\"0 0 1000 100\" preserveaspectratio=\"none\">\n\t<path class=\"elementor-shape-fill\" d=\"M500,97C126.7,96.3,0.8,19.8,0,0v100l1000,0V1C1000,19.4,873.3,97.8,500,97z\"\/>\n<\/svg>\t\t<\/div>\n\t\t\t\t\t<div class=\"elementor-container elementor-column-gap-default\">\n\t\t\t\t\t<div class=\"elementor-column elementor-col-100 elementor-top-column elementor-element elementor-element-42cb232d\" data-id=\"42cb232d\" data-element_type=\"column\" data-e-type=\"column\">\n\t\t\t<div class=\"elementor-widget-wrap elementor-element-populated\">\n\t\t\t\t\t\t<div class=\"elementor-element elementor-element-a819a51 elementor-widget elementor-widget-spacer\" data-id=\"a819a51\" data-element_type=\"widget\" data-e-type=\"widget\" data-widget_type=\"spacer.default\">\n\t\t\t\t<div class=\"elementor-widget-container\">\n\t\t\t\t\t\t\t<div class=\"elementor-spacer\">\n\t\t\t<div class=\"elementor-spacer-inner\"><\/div>\n\t\t<\/div>\n\t\t\t\t\t\t<\/div>\n\t\t\t\t<\/div>\n\t\t\t\t\t<\/div>\n\t\t<\/div>\n\t\t\t\t\t<\/div>\n\t\t<\/section>\n\t\t\t\t<section class=\"elementor-section elementor-top-section elementor-element elementor-element-fd0e69a elementor-section-boxed elementor-section-height-default elementor-section-height-default\" data-id=\"fd0e69a\" data-element_type=\"section\" data-e-type=\"section\">\n\t\t\t\t\t\t<div class=\"elementor-container elementor-column-gap-default\">\n\t\t\t\t\t<div class=\"elementor-column elementor-col-100 elementor-top-column elementor-element elementor-element-436177e1\" data-id=\"436177e1\" data-element_type=\"column\" data-e-type=\"column\">\n\t\t\t<div class=\"elementor-widget-wrap\">\n\t\t\t\t\t\t\t<\/div>\n\t\t<\/div>\n\t\t\t\t\t<\/div>\n\t\t<\/section>\n\t\t\t\t<\/div>","protected":false},"excerpt":{"rendered":"<p>Ihre Bewerbung Stellenangebote Warum IT-Profis die wahren Helden hinter den Online-Casinos sind Wei\u00dft du, was mir letztens passiert ist? Ich war auf einer dieser Online-Casino-Webseiten, du wei\u00dft schon, die, bei denen du beim Spielen von Slots fast vergisst, wie viel Zeit vergangen ist. Der Jackpot blinkte und pl\u00f6tzlich wurde ich gefragt, ob ich meine Gewinne [&hellip;]<\/p>\n","protected":false},"author":1,"featured_media":0,"parent":0,"menu_order":0,"comment_status":"closed","ping_status":"closed","template":"","meta":{"ocean_post_layout":"full-screen","ocean_both_sidebars_style":"","ocean_both_sidebars_content_width":0,"ocean_both_sidebars_sidebars_width":0,"ocean_sidebar":"0","ocean_second_sidebar":"0","ocean_disable_margins":"enable","ocean_add_body_class":"","ocean_shortcode_before_top_bar":"","ocean_shortcode_after_top_bar":"","ocean_shortcode_before_header":"","ocean_shortcode_after_header":"","ocean_has_shortcode":"","ocean_shortcode_after_title":"","ocean_shortcode_before_footer_widgets":"","ocean_shortcode_after_footer_widgets":"","ocean_shortcode_before_footer_bottom":"","ocean_shortcode_after_footer_bottom":"","ocean_display_top_bar":"off","ocean_display_header":"default","ocean_header_style":"","ocean_center_header_left_menu":"0","ocean_custom_header_template":"0","ocean_custom_logo":0,"ocean_custom_retina_logo":0,"ocean_custom_logo_max_width":0,"ocean_custom_logo_tablet_max_width":0,"ocean_custom_logo_mobile_max_width":0,"ocean_custom_logo_max_height":0,"ocean_custom_logo_tablet_max_height":0,"ocean_custom_logo_mobile_max_height":0,"ocean_header_custom_menu":"0","ocean_menu_typo_font_family":"0","ocean_menu_typo_font_subset":"","ocean_menu_typo_font_size":0,"ocean_menu_typo_font_size_tablet":0,"ocean_menu_typo_font_size_mobile":0,"ocean_menu_typo_font_size_unit":"px","ocean_menu_typo_font_weight":"","ocean_menu_typo_font_weight_tablet":"","ocean_menu_typo_font_weight_mobile":"","ocean_menu_typo_transform":"","ocean_menu_typo_transform_tablet":"","ocean_menu_typo_transform_mobile":"","ocean_menu_typo_line_height":0,"ocean_menu_typo_line_height_tablet":0,"ocean_menu_typo_line_height_mobile":0,"ocean_menu_typo_line_height_unit":"","ocean_menu_typo_spacing":0,"ocean_menu_typo_spacing_tablet":0,"ocean_menu_typo_spacing_mobile":0,"ocean_menu_typo_spacing_unit":"","ocean_menu_link_color":"","ocean_menu_link_color_hover":"","ocean_menu_link_color_active":"","ocean_menu_link_background":"","ocean_menu_link_hover_background":"","ocean_menu_link_active_background":"","ocean_menu_social_links_bg":"","ocean_menu_social_hover_links_bg":"","ocean_menu_social_links_color":"","ocean_menu_social_hover_links_color":"","ocean_disable_title":"on","ocean_disable_heading":"default","ocean_post_title":"","ocean_post_subheading":"","ocean_post_title_style":"","ocean_post_title_background_color":"","ocean_post_title_background":0,"ocean_post_title_bg_image_position":"","ocean_post_title_bg_image_attachment":"","ocean_post_title_bg_image_repeat":"","ocean_post_title_bg_image_size":"","ocean_post_title_height":0,"ocean_post_title_bg_overlay":0.5,"ocean_post_title_bg_overlay_color":"","ocean_disable_breadcrumbs":"default","ocean_breadcrumbs_color":"","ocean_breadcrumbs_separator_color":"","ocean_breadcrumbs_links_color":"","ocean_breadcrumbs_links_hover_color":"","ocean_display_footer_widgets":"default","ocean_display_footer_bottom":"default","ocean_custom_footer_template":"0","footnotes":""},"class_list":["post-243","page","type-page","status-publish","hentry","entry"],"_links":{"self":[{"href":"https:\/\/www.tps-recruitment.de\/en\/wp-json\/wp\/v2\/pages\/243","targetHints":{"allow":["GET"]}}],"collection":[{"href":"https:\/\/www.tps-recruitment.de\/en\/wp-json\/wp\/v2\/pages"}],"about":[{"href":"https:\/\/www.tps-recruitment.de\/en\/wp-json\/wp\/v2\/types\/page"}],"author":[{"embeddable":true,"href":"https:\/\/www.tps-recruitment.de\/en\/wp-json\/wp\/v2\/users\/1"}],"replies":[{"embeddable":true,"href":"https:\/\/www.tps-recruitment.de\/en\/wp-json\/wp\/v2\/comments?post=243"}],"version-history":[{"count":34,"href":"https:\/\/www.tps-recruitment.de\/en\/wp-json\/wp\/v2\/pages\/243\/revisions"}],"predecessor-version":[{"id":514,"href":"https:\/\/www.tps-recruitment.de\/en\/wp-json\/wp\/v2\/pages\/243\/revisions\/514"}],"wp:attachment":[{"href":"https:\/\/www.tps-recruitment.de\/en\/wp-json\/wp\/v2\/media?parent=243"}],"curies":[{"name":"wp","href":"https:\/\/api.w.org\/{rel}","templated":true}]}}