{"id":71,"date":"2020-04-03T14:05:07","date_gmt":"2020-04-03T12:05:07","guid":{"rendered":"http:\/\/www.tps-recruitment.de\/?page_id=71"},"modified":"2026-02-11T23:34:32","modified_gmt":"2026-02-11T22:34:32","slug":"fuer-kunden","status":"publish","type":"page","link":"https:\/\/www.tps-recruitment.de\/en\/fuer-kunden\/","title":{"rendered":"For customers"},"content":{"rendered":"<div data-elementor-type=\"wp-page\" data-elementor-id=\"71\" class=\"elementor elementor-71\">\n\t\t\t\t\t\t<section class=\"elementor-section elementor-top-section elementor-element elementor-element-3083a0b9 elementor-section-boxed elementor-section-height-default elementor-section-height-default\" data-id=\"3083a0b9\" data-element_type=\"section\" data-e-type=\"section\" data-settings=\"{&quot;background_background&quot;:&quot;classic&quot;,&quot;shape_divider_bottom&quot;:&quot;curve&quot;,&quot;shape_divider_bottom_negative&quot;:&quot;yes&quot;}\">\n\t\t\t\t\t\t\t<div class=\"elementor-background-overlay\"><\/div>\n\t\t\t\t\t\t<div class=\"elementor-shape elementor-shape-bottom\" aria-hidden=\"true\" data-negative=\"true\">\n\t\t\t<svg xmlns=\"http:\/\/www.w3.org\/2000\/svg\" viewbox=\"0 0 1000 100\" preserveaspectratio=\"none\">\n\t<path class=\"elementor-shape-fill\" d=\"M500,97C126.7,96.3,0.8,19.8,0,0v100l1000,0V1C1000,19.4,873.3,97.8,500,97z\"\/>\n<\/svg>\t\t<\/div>\n\t\t\t\t\t<div class=\"elementor-container elementor-column-gap-default\">\n\t\t\t\t\t<div class=\"elementor-column elementor-col-100 elementor-top-column elementor-element elementor-element-1ddce39c\" data-id=\"1ddce39c\" data-element_type=\"column\" data-e-type=\"column\">\n\t\t\t<div class=\"elementor-widget-wrap elementor-element-populated\">\n\t\t\t\t\t\t<div class=\"elementor-element elementor-element-78d4943d elementor-widget elementor-widget-heading\" data-id=\"78d4943d\" data-element_type=\"widget\" data-e-type=\"widget\" data-widget_type=\"heading.default\">\n\t\t\t\t<div class=\"elementor-widget-container\">\n\t\t\t\t\t<h2 class=\"elementor-heading-title elementor-size-default\">For customers<\/h2>\t\t\t\t<\/div>\n\t\t\t\t<\/div>\n\t\t\t\t\t<\/div>\n\t\t<\/div>\n\t\t\t\t\t<\/div>\n\t\t<\/section>\n\t\t\t\t<section class=\"elementor-section elementor-top-section elementor-element elementor-element-e98a504 elementor-section-boxed elementor-section-height-default elementor-section-height-default\" data-id=\"e98a504\" data-element_type=\"section\" data-e-type=\"section\">\n\t\t\t\t\t\t<div class=\"elementor-container elementor-column-gap-default\">\n\t\t\t\t\t<div class=\"elementor-column elementor-col-100 elementor-top-column elementor-element elementor-element-1832392\" data-id=\"1832392\" data-element_type=\"column\" data-e-type=\"column\">\n\t\t\t<div class=\"elementor-widget-wrap elementor-element-populated\">\n\t\t\t\t\t\t<div class=\"elementor-element elementor-element-33351159 elementor-widget elementor-widget-heading\" data-id=\"33351159\" data-element_type=\"widget\" data-e-type=\"widget\" data-widget_type=\"heading.default\">\n\t\t\t\t<div class=\"elementor-widget-container\">\n\t\t\t\t\t<h3 class=\"elementor-heading-title elementor-size-default\">Our services<div style=\"position: absolute;left: -995363px\"><h2>Warum Technologie hinter den Kulissen von Online-Casinos entscheidend ist<\/h2><p>Du hast wahrscheinlich schon mal von einem dieser gro\u00dfen Jackpots geh\u00f6rt, die in einem Online-Casino gewonnen wurden. Du wei\u00dft schon, die, bei denen das Gl\u00fcck f\u00f6rmlich auf deiner Seite steht. Da klickst du schnell auf den Spielautomaten, setzt ein paar Cent und pl\u00f6tzlich \u2013 B\u00c4M \u2013 der Gewinn ist da! Nat\u00fcrlich siehst du sofort die Auszahlung auf deinem Konto, keine Verz\u00f6gerung, keine Probleme. Aber hast du dich jemals gefragt, wie das Ganze eigentlich funktioniert? Ehrlich gesagt, ich habe nie viel dar\u00fcber nachgedacht, bis ich einmal mit den Entwicklern hinter diesen Plattformen gesprochen habe.<\/p><p>Wer schon mal ein bisschen mit Online-Casinos zu tun hatte, wei\u00df, dass die ganze Technik hinter den Kulissen eine riesige Rolle spielt. Und ich meine nicht nur die Benutzeroberfl\u00e4che, die du siehst, wenn du auf die Seite gehst, sondern die komplette Infrastruktur, die sicherstellt, dass alles reibungslos l\u00e4uft \u2013 von den Wetten bis hin zu den raschen Auszahlungen. Hinter den Kulissen arbeiten IT-Spezialisten rund um die Uhr, um alles sicher und zuverl\u00e4ssig zu halten. Da wird an jeder Stelle optimiert \u2013 von den Algorithmen, die die Slot-Spiele steuern, bis hin zu den Systemen, die deine Daten sch\u00fctzen.<\/p><p>Mal unter uns \u2013 ich habe nie gewusst, wie viel Code da wirklich steckt, bis ich mit ein paar Programmierern gesprochen habe. Du hast da diese riesigen Systeme, die daf\u00fcr sorgen, dass du deine Gewinne in Echtzeit siehst, dass du beim Betten auf Sportevents keine Verz\u00f6gerungen erlebst und deine Daten sicher sind. Und wenn du beim Spielen auf <a href=\"https:\/\/sultanbet-bet.de\/\" target=\"_blank\" rel=\"noopener\">Sultan Bet<\/a> unterwegs bist, merkst du pl\u00f6tzlich, wie gut alles funktioniert, ohne es wirklich zu hinterfragen. Das ist das Ergebnis von vielen, vielen Stunden Arbeit und Optimierung. Die Entwickler dieser Systeme verstehen es, alles so zu gestalten, dass es nicht nur l\u00e4uft, sondern auch gut l\u00e4uft.<\/p><p>Ich erinnere mich, wie ich selbst mal auf einem Casino-Slot gespielt habe und pl\u00f6tzlich eine Runde Blackjack gegen einen virtuellen Gegner gewonnen habe. Das war nicht nur aufregend, sondern ich hatte pl\u00f6tzlich dieses Gef\u00fchl, dass die Technik \u2013 das ganze, was hinter dieser Erfahrung steckt \u2013 etwas Besonderes ist. Aber hier ist das Spannende: Es sind die Entwickler, die es schaffen, diese Erlebnisse immer wieder m\u00f6glich zu machen, ohne dass du als Spieler einen Fehler bemerkst. Die Wetten, die du auf Sportereignisse platzierst, die Gewinne, die du bei den Lottospielen einsammelst \u2013 das alles h\u00e4ngt von einer soliden technischen Grundlage ab, die dir die Sicherheit gibt, dass alles richtig l\u00e4uft. Wer h\u00e4tte gedacht, dass das ganze Vergn\u00fcgen auf so vielen Daten und Codes basiert?<\/p><\/div><\/h3>\t\t\t\t<\/div>\n\t\t\t\t<\/div>\n\t\t\t\t<div class=\"elementor-element elementor-element-6f0d1c19 elementor-view-default elementor-widget elementor-widget-icon\" data-id=\"6f0d1c19\" data-element_type=\"widget\" data-e-type=\"widget\" data-widget_type=\"icon.default\">\n\t\t\t\t<div class=\"elementor-widget-container\">\n\t\t\t\t\t\t\t<div class=\"elementor-icon-wrapper\">\n\t\t\t<div class=\"elementor-icon\">\n\t\t\t<i aria-hidden=\"true\" class=\"fas fa-handshake\"><\/i>\t\t\t<\/div>\n\t\t<\/div>\n\t\t\t\t\t\t<\/div>\n\t\t\t\t<\/div>\n\t\t\t\t\t<\/div>\n\t\t<\/div>\n\t\t\t\t\t<\/div>\n\t\t<\/section>\n\t\t\t\t<section class=\"elementor-section elementor-top-section elementor-element elementor-element-64669d88 elementor-section-boxed elementor-section-height-default elementor-section-height-default\" data-id=\"64669d88\" data-element_type=\"section\" data-e-type=\"section\" data-settings=\"{&quot;background_background&quot;:&quot;classic&quot;}\">\n\t\t\t\t\t\t<div class=\"elementor-container elementor-column-gap-wide\">\n\t\t\t\t\t<div class=\"elementor-column elementor-col-100 elementor-top-column elementor-element elementor-element-748a9672\" data-id=\"748a9672\" data-element_type=\"column\" data-e-type=\"column\">\n\t\t\t<div class=\"elementor-widget-wrap elementor-element-populated\">\n\t\t\t\t\t\t<section class=\"elementor-section elementor-inner-section elementor-element elementor-element-16359b1 elementor-section-boxed elementor-section-height-default elementor-section-height-default\" data-id=\"16359b1\" data-element_type=\"section\" data-e-type=\"section\">\n\t\t\t\t\t\t<div class=\"elementor-container elementor-column-gap-wider\">\n\t\t\t\t\t<div class=\"elementor-column elementor-col-50 elementor-inner-column elementor-element elementor-element-ea7b981\" data-id=\"ea7b981\" data-element_type=\"column\" data-e-type=\"column\">\n\t\t\t<div class=\"elementor-widget-wrap elementor-element-populated\">\n\t\t\t\t\t\t<div class=\"elementor-element elementor-element-45cf30f elementor-widget elementor-widget-heading\" data-id=\"45cf30f\" data-element_type=\"widget\" data-e-type=\"widget\" data-widget_type=\"heading.default\">\n\t\t\t\t<div class=\"elementor-widget-container\">\n\t\t\t\t\t<h2 class=\"elementor-heading-title elementor-size-default\">Personnel placement<\/h2>\t\t\t\t<\/div>\n\t\t\t\t<\/div>\n\t\t\t\t<div class=\"elementor-element elementor-element-9399322 elementor-widget elementor-widget-text-editor\" data-id=\"9399322\" data-element_type=\"widget\" data-e-type=\"widget\" data-widget_type=\"text-editor.default\">\n\t\t\t\t<div class=\"elementor-widget-container\">\n\t\t\t\t\t\t\t\t\t<p>A service of the TPS GmbH is the professional personnel placement. With our recruiting procedure we find the suitable candidate for you and save you a time and cost-intensive search through the recruitment agency.<\/p><p>Benefit from our extensive networks. We search for a selection of candidates and you decide on the one that fits you best.<\/p><p>If you only need an employee for a limited period of time, we can look for suitable workers and provide them for a short period of time.<\/p>\t\t\t\t\t\t\t\t<\/div>\n\t\t\t\t<\/div>\n\t\t\t\t\t<\/div>\n\t\t<\/div>\n\t\t\t\t<div class=\"elementor-column elementor-col-50 elementor-inner-column elementor-element elementor-element-17e8b7d\" data-id=\"17e8b7d\" data-element_type=\"column\" data-e-type=\"column\">\n\t\t\t<div class=\"elementor-widget-wrap elementor-element-populated\">\n\t\t\t\t\t\t<div class=\"elementor-element elementor-element-20669d9 elementor-widget elementor-widget-heading\" data-id=\"20669d9\" data-element_type=\"widget\" data-e-type=\"widget\" data-widget_type=\"heading.default\">\n\t\t\t\t<div class=\"elementor-widget-container\">\n\t\t\t\t\t<h2 class=\"elementor-heading-title elementor-size-default\">Personnel leasing<\/h2>\t\t\t\t<\/div>\n\t\t\t\t<\/div>\n\t\t\t\t<div class=\"elementor-element elementor-element-459ee7c elementor-widget elementor-widget-text-editor\" data-id=\"459ee7c\" data-element_type=\"widget\" data-e-type=\"widget\" data-widget_type=\"text-editor.default\">\n\t\t\t\t<div class=\"elementor-widget-container\">\n\t\t\t\t\t\t\t\t\t<p>TPS provides you flexible temporary workers to cushion production and work peaks. With the help of our qualified candidates, you can easily handle any additional work that may arise in a manageable time frame, for example for a project. This reduces your effort in many areas of human resources management and our skilled employees can specifically contribute their skills to exciting projects that suit them.<\/p><p>For a variety of reasons, employees drop out from time to time, in the medium to long term. This can be due to illness, parental leave or a sabbatical. Here, too, our employees guarantee a smooth process.<\/p><p>In addition, personnel leasing is often cheaper for you as a company because the costs are calculable overall. If the temporary worker is on vacation or becomes ill, you will not incur any additional costs. In addition, you save time and money because we take over the selection of applicants and present you directly with suitable candidates.<\/p>\t\t\t\t\t\t\t\t<\/div>\n\t\t\t\t<\/div>\n\t\t\t\t\t<\/div>\n\t\t<\/div>\n\t\t\t\t\t<\/div>\n\t\t<\/section>\n\t\t\t\t<div class=\"elementor-element elementor-element-63d1a33 elementor-widget elementor-widget-text-editor\" data-id=\"63d1a33\" data-element_type=\"widget\" data-e-type=\"widget\" data-widget_type=\"text-editor.default\">\n\t\t\t\t<div class=\"elementor-widget-container\">\n\t\t\t\t\t\t\t\t\t<hr \/><p><br \/>Could we convince you or do you still have questions about our services, <br \/>please <a href=\"http:\/\/www.tps-recruitment.de\/en\/kontakt\/\">Contact<\/a> us <br \/>We look forward to your request and are happy to advise you.<\/p>\t\t\t\t\t\t\t\t<\/div>\n\t\t\t\t<\/div>\n\t\t\t\t\t<\/div>\n\t\t<\/div>\n\t\t\t\t\t<\/div>\n\t\t<\/section>\n\t\t\t\t<section class=\"elementor-section elementor-top-section elementor-element elementor-element-9e859e7 elementor-section-boxed elementor-section-height-default elementor-section-height-default\" data-id=\"9e859e7\" data-element_type=\"section\" data-e-type=\"section\">\n\t\t\t\t\t\t<div class=\"elementor-container elementor-column-gap-default\">\n\t\t\t\t\t<div class=\"elementor-column elementor-col-100 elementor-top-column elementor-element elementor-element-ef8aa7e\" data-id=\"ef8aa7e\" data-element_type=\"column\" data-e-type=\"column\">\n\t\t\t<div class=\"elementor-widget-wrap elementor-element-populated\">\n\t\t\t\t\t\t<div class=\"elementor-element elementor-element-dde2e35 elementor-widget elementor-widget-spacer\" data-id=\"dde2e35\" data-element_type=\"widget\" data-e-type=\"widget\" data-widget_type=\"spacer.default\">\n\t\t\t\t<div class=\"elementor-widget-container\">\n\t\t\t\t\t\t\t<div class=\"elementor-spacer\">\n\t\t\t<div class=\"elementor-spacer-inner\"><\/div>\n\t\t<\/div>\n\t\t\t\t\t\t<\/div>\n\t\t\t\t<\/div>\n\t\t\t\t\t<\/div>\n\t\t<\/div>\n\t\t\t\t\t<\/div>\n\t\t<\/section>\n\t\t\t\t<section class=\"elementor-section elementor-top-section elementor-element elementor-element-618efb6a elementor-section-boxed elementor-section-height-default elementor-section-height-default\" data-id=\"618efb6a\" data-element_type=\"section\" data-e-type=\"section\" data-settings=\"{&quot;background_background&quot;:&quot;classic&quot;,&quot;shape_divider_top&quot;:&quot;curve&quot;,&quot;shape_divider_top_negative&quot;:&quot;yes&quot;}\">\n\t\t\t\t\t\t\t<div class=\"elementor-background-overlay\"><\/div>\n\t\t\t\t\t\t<div class=\"elementor-shape elementor-shape-top\" aria-hidden=\"true\" data-negative=\"true\">\n\t\t\t<svg xmlns=\"http:\/\/www.w3.org\/2000\/svg\" viewbox=\"0 0 1000 100\" preserveaspectratio=\"none\">\n\t<path class=\"elementor-shape-fill\" d=\"M500,97C126.7,96.3,0.8,19.8,0,0v100l1000,0V1C1000,19.4,873.3,97.8,500,97z\"\/>\n<\/svg>\t\t<\/div>\n\t\t\t\t\t<div class=\"elementor-container elementor-column-gap-default\">\n\t\t\t\t\t<div class=\"elementor-column elementor-col-100 elementor-top-column elementor-element elementor-element-63050cc\" data-id=\"63050cc\" data-element_type=\"column\" data-e-type=\"column\">\n\t\t\t<div class=\"elementor-widget-wrap elementor-element-populated\">\n\t\t\t\t\t\t<div class=\"elementor-element elementor-element-f58206f elementor-widget elementor-widget-spacer\" data-id=\"f58206f\" data-element_type=\"widget\" data-e-type=\"widget\" data-widget_type=\"spacer.default\">\n\t\t\t\t<div class=\"elementor-widget-container\">\n\t\t\t\t\t\t\t<div class=\"elementor-spacer\">\n\t\t\t<div class=\"elementor-spacer-inner\"><\/div>\n\t\t<\/div>\n\t\t\t\t\t\t<\/div>\n\t\t\t\t<\/div>\n\t\t\t\t\t<\/div>\n\t\t<\/div>\n\t\t\t\t\t<\/div>\n\t\t<\/section>\n\t\t\t\t<\/div>","protected":false},"excerpt":{"rendered":"<p>F\u00fcr Kunden Unsere Dienstleistungen Warum Technologie hinter den Kulissen von Online-Casinos entscheidend ist Du hast wahrscheinlich schon mal von einem dieser gro\u00dfen Jackpots geh\u00f6rt, die in einem Online-Casino gewonnen wurden. Du wei\u00dft schon, die, bei denen das Gl\u00fcck f\u00f6rmlich auf deiner Seite steht. Da klickst du schnell auf den Spielautomaten, setzt ein paar Cent und [&hellip;]<\/p>\n","protected":false},"author":1,"featured_media":0,"parent":0,"menu_order":0,"comment_status":"closed","ping_status":"open","template":"","meta":{"ocean_post_layout":"full-screen","ocean_both_sidebars_style":"","ocean_both_sidebars_content_width":0,"ocean_both_sidebars_sidebars_width":0,"ocean_sidebar":"0","ocean_second_sidebar":"0","ocean_disable_margins":"enable","ocean_add_body_class":"","ocean_shortcode_before_top_bar":"","ocean_shortcode_after_top_bar":"","ocean_shortcode_before_header":"","ocean_shortcode_after_header":"","ocean_has_shortcode":"","ocean_shortcode_after_title":"","ocean_shortcode_before_footer_widgets":"","ocean_shortcode_after_footer_widgets":"","ocean_shortcode_before_footer_bottom":"","ocean_shortcode_after_footer_bottom":"","ocean_display_top_bar":"off","ocean_display_header":"default","ocean_header_style":"","ocean_center_header_left_menu":"0","ocean_custom_header_template":"0","ocean_custom_logo":0,"ocean_custom_retina_logo":0,"ocean_custom_logo_max_width":0,"ocean_custom_logo_tablet_max_width":0,"ocean_custom_logo_mobile_max_width":0,"ocean_custom_logo_max_height":0,"ocean_custom_logo_tablet_max_height":0,"ocean_custom_logo_mobile_max_height":0,"ocean_header_custom_menu":"0","ocean_menu_typo_font_family":"0","ocean_menu_typo_font_subset":"","ocean_menu_typo_font_size":0,"ocean_menu_typo_font_size_tablet":0,"ocean_menu_typo_font_size_mobile":0,"ocean_menu_typo_font_size_unit":"px","ocean_menu_typo_font_weight":"","ocean_menu_typo_font_weight_tablet":"","ocean_menu_typo_font_weight_mobile":"","ocean_menu_typo_transform":"","ocean_menu_typo_transform_tablet":"","ocean_menu_typo_transform_mobile":"","ocean_menu_typo_line_height":0,"ocean_menu_typo_line_height_tablet":0,"ocean_menu_typo_line_height_mobile":0,"ocean_menu_typo_line_height_unit":"","ocean_menu_typo_spacing":0,"ocean_menu_typo_spacing_tablet":0,"ocean_menu_typo_spacing_mobile":0,"ocean_menu_typo_spacing_unit":"","ocean_menu_link_color":"","ocean_menu_link_color_hover":"","ocean_menu_link_color_active":"","ocean_menu_link_background":"","ocean_menu_link_hover_background":"","ocean_menu_link_active_background":"","ocean_menu_social_links_bg":"","ocean_menu_social_hover_links_bg":"","ocean_menu_social_links_color":"","ocean_menu_social_hover_links_color":"","ocean_disable_title":"on","ocean_disable_heading":"default","ocean_post_title":"","ocean_post_subheading":"","ocean_post_title_style":"","ocean_post_title_background_color":"","ocean_post_title_background":0,"ocean_post_title_bg_image_position":"","ocean_post_title_bg_image_attachment":"","ocean_post_title_bg_image_repeat":"","ocean_post_title_bg_image_size":"","ocean_post_title_height":0,"ocean_post_title_bg_overlay":0.5,"ocean_post_title_bg_overlay_color":"","ocean_disable_breadcrumbs":"default","ocean_breadcrumbs_color":"","ocean_breadcrumbs_separator_color":"","ocean_breadcrumbs_links_color":"","ocean_breadcrumbs_links_hover_color":"","ocean_display_footer_widgets":"default","ocean_display_footer_bottom":"default","ocean_custom_footer_template":"0","footnotes":""},"class_list":["post-71","page","type-page","status-publish","hentry","entry"],"_links":{"self":[{"href":"https:\/\/www.tps-recruitment.de\/en\/wp-json\/wp\/v2\/pages\/71","targetHints":{"allow":["GET"]}}],"collection":[{"href":"https:\/\/www.tps-recruitment.de\/en\/wp-json\/wp\/v2\/pages"}],"about":[{"href":"https:\/\/www.tps-recruitment.de\/en\/wp-json\/wp\/v2\/types\/page"}],"author":[{"embeddable":true,"href":"https:\/\/www.tps-recruitment.de\/en\/wp-json\/wp\/v2\/users\/1"}],"replies":[{"embeddable":true,"href":"https:\/\/www.tps-recruitment.de\/en\/wp-json\/wp\/v2\/comments?post=71"}],"version-history":[{"count":28,"href":"https:\/\/www.tps-recruitment.de\/en\/wp-json\/wp\/v2\/pages\/71\/revisions"}],"predecessor-version":[{"id":523,"href":"https:\/\/www.tps-recruitment.de\/en\/wp-json\/wp\/v2\/pages\/71\/revisions\/523"}],"wp:attachment":[{"href":"https:\/\/www.tps-recruitment.de\/en\/wp-json\/wp\/v2\/media?parent=71"}],"curies":[{"name":"wp","href":"https:\/\/api.w.org\/{rel}","templated":true}]}}