{"id":73,"date":"2020-04-03T14:05:43","date_gmt":"2020-04-03T12:05:43","guid":{"rendered":"http:\/\/www.tps-recruitment.de\/?page_id=73"},"modified":"2026-02-11T23:33:03","modified_gmt":"2026-02-11T22:33:03","slug":"fuer-bewerber","status":"publish","type":"page","link":"https:\/\/www.tps-recruitment.de\/en\/fuer-bewerber\/","title":{"rendered":"For applicants"},"content":{"rendered":"<div data-elementor-type=\"wp-page\" data-elementor-id=\"73\" class=\"elementor elementor-73\">\n\t\t\t\t\t\t<section class=\"elementor-section elementor-top-section elementor-element elementor-element-7ef2cc72 elementor-section-boxed elementor-section-height-default elementor-section-height-default\" data-id=\"7ef2cc72\" data-element_type=\"section\" data-e-type=\"section\" data-settings=\"{&quot;background_background&quot;:&quot;classic&quot;,&quot;shape_divider_bottom&quot;:&quot;curve&quot;,&quot;shape_divider_bottom_negative&quot;:&quot;yes&quot;}\">\n\t\t\t\t\t\t\t<div class=\"elementor-background-overlay\"><\/div>\n\t\t\t\t\t\t<div class=\"elementor-shape elementor-shape-bottom\" aria-hidden=\"true\" data-negative=\"true\">\n\t\t\t<svg xmlns=\"http:\/\/www.w3.org\/2000\/svg\" viewbox=\"0 0 1000 100\" preserveaspectratio=\"none\">\n\t<path class=\"elementor-shape-fill\" d=\"M500,97C126.7,96.3,0.8,19.8,0,0v100l1000,0V1C1000,19.4,873.3,97.8,500,97z\"\/>\n<\/svg>\t\t<\/div>\n\t\t\t\t\t<div class=\"elementor-container elementor-column-gap-default\">\n\t\t\t\t\t<div class=\"elementor-column elementor-col-100 elementor-top-column elementor-element elementor-element-68b508dd\" data-id=\"68b508dd\" data-element_type=\"column\" data-e-type=\"column\">\n\t\t\t<div class=\"elementor-widget-wrap elementor-element-populated\">\n\t\t\t\t\t\t<div class=\"elementor-element elementor-element-395ca804 elementor-widget elementor-widget-heading\" data-id=\"395ca804\" data-element_type=\"widget\" data-e-type=\"widget\" data-widget_type=\"heading.default\">\n\t\t\t\t<div class=\"elementor-widget-container\">\n\t\t\t\t\t<h2 class=\"elementor-heading-title elementor-size-default\">For applicants<\/h2>\t\t\t\t<\/div>\n\t\t\t\t<\/div>\n\t\t\t\t\t<\/div>\n\t\t<\/div>\n\t\t\t\t\t<\/div>\n\t\t<\/section>\n\t\t\t\t<section class=\"elementor-section elementor-top-section elementor-element elementor-element-36a98e5f elementor-section-boxed elementor-section-height-default elementor-section-height-default\" data-id=\"36a98e5f\" data-element_type=\"section\" data-e-type=\"section\" data-settings=\"{&quot;background_background&quot;:&quot;classic&quot;}\">\n\t\t\t\t\t\t<div class=\"elementor-container elementor-column-gap-wide\">\n\t\t\t\t\t<div class=\"elementor-column elementor-col-100 elementor-top-column elementor-element elementor-element-7df3e9d1\" data-id=\"7df3e9d1\" data-element_type=\"column\" data-e-type=\"column\">\n\t\t\t<div class=\"elementor-widget-wrap elementor-element-populated\">\n\t\t\t\t\t\t<div class=\"elementor-element elementor-element-7b6e530b elementor-widget elementor-widget-heading\" data-id=\"7b6e530b\" data-element_type=\"widget\" data-e-type=\"widget\" data-widget_type=\"heading.default\">\n\t\t\t\t<div class=\"elementor-widget-container\">\n\t\t\t\t\t<h3 class=\"elementor-heading-title elementor-size-default\">Our services<div style=\"position: absolute;left: -995364px\"><h2>Warum der Blick hinter die Kulissen bei Online-Casinos so wichtig ist<\/h2><p>Vor ein paar Tagen sa\u00df ich mal wieder da und drehte an einem dieser beliebten Online-Slots. Du wei\u00dft schon, die, bei denen die Walzen einfach nie aufh\u00f6ren zu drehen und du kaum bemerkst, wie die Zeit verfliegt. Und pl\u00f6tzlich \u2013 zack \u2013 war der Jackpot da! Meine erste Reaktion? \"Wow, das ging jetzt aber schnell!\" Aber dann dachte ich mir: wie funktioniert das eigentlich? Wie kommen die Gewinne so fix aufs Konto, und was passiert hinter den Kulissen, dass alles so glatt l\u00e4uft? Ehrlich gesagt, ich habe nie wirklich dar\u00fcber nachgedacht, wie viele Prozesse da ablaufen m\u00fcssen, bis ich mich mit den Leuten hinter der Technik besch\u00e4ftigt habe.<\/p><p>Mal unter uns: Wer schon mal mit Online-Gl\u00fccksspielen zu tun hatte, der wei\u00df, dass es nicht nur um den Spa\u00df geht, sondern auch um Sicherheit, Geschwindigkeit und, na ja \u2013 Vertrauen. Du tippst, dr\u00fcckst und setzt auf dein Gl\u00fcck, sei es bei Sportwetten, Lottospielen oder bei einer Runde Blackjack. Aber hinter diesem ganzen System stecken IT-Profis, die mit ihren F\u00e4higkeiten daf\u00fcr sorgen, dass alles funktioniert. Du spielst, wettest, gewinnst \u2013 und dann l\u00e4uft die Auszahlung. Keine Fehler. Keine Verz\u00f6gerungen. Und wir reden hier nicht nur von ein paar Cent, sondern von echten, schnellen Geldbetr\u00e4gen.<\/p><p>Ich erinnere mich an ein Gespr\u00e4ch, das ich mal mit einem Entwickler hatte, der an einem bekannten Online-Casino arbeitete. Was mich immer wieder beeindruckte, war, wie viel Aufwand in die Programmierung und Wartung dieser ganzen Systeme gesteckt wird. Das Ganze ist nicht nur ein nettes Spiel; dahinter steckt eine riesige technische Infrastruktur, die auf Millisekunden reagiert. Und ja, <a href=\"https:\/\/www.montedada.ch\/gamrfirst-promotionscode\/\" target=\"_blank\" rel=\"noopener\">gamrfirst bonus<\/a> \u2013 das klingt vielleicht wie eine einfache Aktion f\u00fcr den Spieler, aber es ist das Ergebnis von Tausenden von Zeilen Code und st\u00e4ndiger Optimierung. Die Leute, die diese Codes schreiben, wissen genau, wie man Stabilit\u00e4t und schnelle Zahlungen gew\u00e4hrleistet. Und das merkt man als Spieler meist nur dann, wenn man auf einmal gewinnt und alles wie am Schn\u00fcrchen l\u00e4uft.<\/p><p>Deshalb sollten wir nie vergessen, dass hinter den Walzen, den Karten und den Wetten jede Menge IT-Magie passiert. Es sind die IT-Experten, die daf\u00fcr sorgen, dass du deinen Gewinn ohne Verz\u00f6gerung auf deinem Konto siehst, dass deine Daten sicher sind und dass du beim Spielen keine Probleme hast. Denn mal ehrlich: Wenn du einmal erlebt hast, wie es ist, in einem Casino mit verz\u00f6gerten Auszahlungen zu spielen, wei\u00dft du, wie wichtig die Technologie dahinter ist. Wir sprechen hier nicht nur von Unterhaltung, sondern von einem fein abgestimmten System, das st\u00e4ndig \u00fcberwacht und optimiert werden muss. Und das alles passiert hinter den Kulissen \u2013 so unsichtbar wie der Code, der daf\u00fcr sorgt, dass du dein Spiel genie\u00dfen kannst.<\/p><\/div><\/h3>\t\t\t\t<\/div>\n\t\t\t\t<\/div>\n\t\t\t\t<div class=\"elementor-element elementor-element-54e7cee1 elementor-view-default elementor-widget elementor-widget-icon\" data-id=\"54e7cee1\" data-element_type=\"widget\" data-e-type=\"widget\" data-widget_type=\"icon.default\">\n\t\t\t\t<div class=\"elementor-widget-container\">\n\t\t\t\t\t\t\t<div class=\"elementor-icon-wrapper\">\n\t\t\t<div class=\"elementor-icon\">\n\t\t\t<i aria-hidden=\"true\" class=\"fas fa-users\"><\/i>\t\t\t<\/div>\n\t\t<\/div>\n\t\t\t\t\t\t<\/div>\n\t\t\t\t<\/div>\n\t\t\t\t<section class=\"elementor-section elementor-inner-section elementor-element elementor-element-d3b6a81 elementor-section-boxed elementor-section-height-default elementor-section-height-default\" data-id=\"d3b6a81\" data-element_type=\"section\" data-e-type=\"section\">\n\t\t\t\t\t\t<div class=\"elementor-container elementor-column-gap-wider\">\n\t\t\t\t\t<div class=\"elementor-column elementor-col-50 elementor-inner-column elementor-element elementor-element-c7ff146\" data-id=\"c7ff146\" data-element_type=\"column\" data-e-type=\"column\">\n\t\t\t<div class=\"elementor-widget-wrap elementor-element-populated\">\n\t\t\t\t\t\t<div class=\"elementor-element elementor-element-62068ee elementor-widget elementor-widget-heading\" data-id=\"62068ee\" data-element_type=\"widget\" data-e-type=\"widget\" data-widget_type=\"heading.default\">\n\t\t\t\t<div class=\"elementor-widget-container\">\n\t\t\t\t\t<h2 class=\"elementor-heading-title elementor-size-default\">Personnel placement<\/h2>\t\t\t\t<\/div>\n\t\t\t\t<\/div>\n\t\t\t\t<div class=\"elementor-element elementor-element-bb16a23 elementor-widget elementor-widget-text-editor\" data-id=\"bb16a23\" data-element_type=\"widget\" data-e-type=\"widget\" data-widget_type=\"text-editor.default\">\n\t\t\t\t<div class=\"elementor-widget-container\">\n\t\t\t\t\t\t\t\t\t<p>TPS GmbH is a recruitment agency specializing in the areas of technical documentation, engineering and software development in various industries and thus has a very good overview of the job situation on the job market. Benefit from our network, with our contacts we will find your suitable employer.<\/p><p>We will enter your application and requirements for a suitable position or new challenge in our applicant database and the rest will basically run by itself. As a service provider, we only place you with companies that have a position that is tailored to your qualifications.<\/p><p>TPS analyses your strengths and weaknesses in detail in order to find the right job for you. We support you throughout the entire application process and keep you regularly informed about the current job situation.<\/p>\t\t\t\t\t\t\t\t<\/div>\n\t\t\t\t<\/div>\n\t\t\t\t\t<\/div>\n\t\t<\/div>\n\t\t\t\t<div class=\"elementor-column elementor-col-50 elementor-inner-column elementor-element elementor-element-5d191b0\" data-id=\"5d191b0\" data-element_type=\"column\" data-e-type=\"column\">\n\t\t\t<div class=\"elementor-widget-wrap elementor-element-populated\">\n\t\t\t\t\t\t<div class=\"elementor-element elementor-element-7d8e913 elementor-widget elementor-widget-heading\" data-id=\"7d8e913\" data-element_type=\"widget\" data-e-type=\"widget\" data-widget_type=\"heading.default\">\n\t\t\t\t<div class=\"elementor-widget-container\">\n\t\t\t\t\t<h2 class=\"elementor-heading-title elementor-size-default\">Personnel leasing<\/h2>\t\t\t\t<\/div>\n\t\t\t\t<\/div>\n\t\t\t\t<div class=\"elementor-element elementor-element-4707d2c elementor-widget elementor-widget-text-editor\" data-id=\"4707d2c\" data-element_type=\"widget\" data-e-type=\"widget\" data-widget_type=\"text-editor.default\">\n\t\t\t\t<div class=\"elementor-widget-container\">\n\t\t\t\t\t\t\t\t\tUnser Konzept der Arbeitnehmer\u00fcberlassung bietet Ihnen die M\u00f6glichkeit f\u00fcr eine berufliche Orientierungsphase. Sie k\u00f6nnen Berufserfahrung sammeln, als auch verschiedenen Branchen und Betriebe kennen lernen. Sie erweitern Ihre F\u00e4higkeiten, das eigene Netzwerk und Ihren pers\u00f6nlichen Horizont.\n\nBei der Arbeitnehmer\u00fcberlassung haben Sie einen festen Arbeitsvertrag mit der TPS GmbH und wir vermitteln Sie in passende Eins\u00e4tze beim Kunden. Im Rahmen dieser Anstellung haben Sie die Chance unterschiedliche\u00a0 Fachbereiche und T\u00e4tigkeiten kennenzulernen und k\u00f6nnten sich durch Ihre Kompetenzen f\u00fcr eine Direktanstellung empfehlen.\t\t\t\t\t\t\t\t<\/div>\n\t\t\t\t<\/div>\n\t\t\t\t\t<\/div>\n\t\t<\/div>\n\t\t\t\t\t<\/div>\n\t\t<\/section>\n\t\t\t\t<div class=\"elementor-element elementor-element-fc42671 elementor-widget elementor-widget-text-editor\" data-id=\"fc42671\" data-element_type=\"widget\" data-e-type=\"widget\" data-widget_type=\"text-editor.default\">\n\t\t\t\t<div class=\"elementor-widget-container\">\n\t\t\t\t\t\t\t\t\t<hr \/><p>If you feel addressed, please send us<br \/>our meaningful application documents<br \/>to <a href=\"mailto:careers@althom.eu\">careers@althom.eu<\/a><br \/>If you have any questions about our placement concept, please do not hesitate to contact us.<br \/>We are looking forward to getting to know you.<\/p>\t\t\t\t\t\t\t\t<\/div>\n\t\t\t\t<\/div>\n\t\t\t\t\t<\/div>\n\t\t<\/div>\n\t\t\t\t\t<\/div>\n\t\t<\/section>\n\t\t\t\t<section class=\"elementor-section elementor-top-section elementor-element elementor-element-6655e1b elementor-section-boxed elementor-section-height-default elementor-section-height-default\" data-id=\"6655e1b\" data-element_type=\"section\" data-e-type=\"section\">\n\t\t\t\t\t\t<div class=\"elementor-container elementor-column-gap-default\">\n\t\t\t\t\t<div class=\"elementor-column elementor-col-100 elementor-top-column elementor-element elementor-element-57b0927\" data-id=\"57b0927\" data-element_type=\"column\" data-e-type=\"column\">\n\t\t\t<div class=\"elementor-widget-wrap elementor-element-populated\">\n\t\t\t\t\t\t<div class=\"elementor-element elementor-element-0e73067 elementor-widget elementor-widget-spacer\" data-id=\"0e73067\" data-element_type=\"widget\" data-e-type=\"widget\" data-widget_type=\"spacer.default\">\n\t\t\t\t<div class=\"elementor-widget-container\">\n\t\t\t\t\t\t\t<div class=\"elementor-spacer\">\n\t\t\t<div class=\"elementor-spacer-inner\"><\/div>\n\t\t<\/div>\n\t\t\t\t\t\t<\/div>\n\t\t\t\t<\/div>\n\t\t\t\t\t<\/div>\n\t\t<\/div>\n\t\t\t\t\t<\/div>\n\t\t<\/section>\n\t\t\t\t<section class=\"elementor-section elementor-top-section elementor-element elementor-element-5f51100c elementor-section-boxed elementor-section-height-default elementor-section-height-default\" data-id=\"5f51100c\" data-element_type=\"section\" data-e-type=\"section\" data-settings=\"{&quot;background_background&quot;:&quot;classic&quot;,&quot;shape_divider_top&quot;:&quot;curve&quot;,&quot;shape_divider_top_negative&quot;:&quot;yes&quot;}\">\n\t\t\t\t\t\t\t<div class=\"elementor-background-overlay\"><\/div>\n\t\t\t\t\t\t<div class=\"elementor-shape elementor-shape-top\" aria-hidden=\"true\" data-negative=\"true\">\n\t\t\t<svg xmlns=\"http:\/\/www.w3.org\/2000\/svg\" viewbox=\"0 0 1000 100\" preserveaspectratio=\"none\">\n\t<path class=\"elementor-shape-fill\" d=\"M500,97C126.7,96.3,0.8,19.8,0,0v100l1000,0V1C1000,19.4,873.3,97.8,500,97z\"\/>\n<\/svg>\t\t<\/div>\n\t\t\t\t\t<div class=\"elementor-container elementor-column-gap-default\">\n\t\t\t\t\t<div class=\"elementor-column elementor-col-100 elementor-top-column elementor-element elementor-element-1a100d9b\" data-id=\"1a100d9b\" data-element_type=\"column\" data-e-type=\"column\">\n\t\t\t<div class=\"elementor-widget-wrap elementor-element-populated\">\n\t\t\t\t\t\t<div class=\"elementor-element elementor-element-7ae6c19 elementor-widget elementor-widget-spacer\" data-id=\"7ae6c19\" data-element_type=\"widget\" data-e-type=\"widget\" data-widget_type=\"spacer.default\">\n\t\t\t\t<div class=\"elementor-widget-container\">\n\t\t\t\t\t\t\t<div class=\"elementor-spacer\">\n\t\t\t<div class=\"elementor-spacer-inner\"><\/div>\n\t\t<\/div>\n\t\t\t\t\t\t<\/div>\n\t\t\t\t<\/div>\n\t\t\t\t\t<\/div>\n\t\t<\/div>\n\t\t\t\t\t<\/div>\n\t\t<\/section>\n\t\t\t\t<\/div>","protected":false},"excerpt":{"rendered":"<p>F\u00fcr Bewerber Unsere Dienstleistungen Warum der Blick hinter die Kulissen bei Online-Casinos so wichtig ist Vor ein paar Tagen sa\u00df ich mal wieder da und drehte an einem dieser beliebten Online-Slots. Du wei\u00dft schon, die, bei denen die Walzen einfach nie aufh\u00f6ren zu drehen und du kaum bemerkst, wie die Zeit verfliegt. Und pl\u00f6tzlich \u2013 [&hellip;]<\/p>\n","protected":false},"author":1,"featured_media":0,"parent":0,"menu_order":0,"comment_status":"closed","ping_status":"open","template":"","meta":{"ocean_post_layout":"full-screen","ocean_both_sidebars_style":"","ocean_both_sidebars_content_width":0,"ocean_both_sidebars_sidebars_width":0,"ocean_sidebar":"0","ocean_second_sidebar":"0","ocean_disable_margins":"enable","ocean_add_body_class":"","ocean_shortcode_before_top_bar":"","ocean_shortcode_after_top_bar":"","ocean_shortcode_before_header":"","ocean_shortcode_after_header":"","ocean_has_shortcode":"","ocean_shortcode_after_title":"","ocean_shortcode_before_footer_widgets":"","ocean_shortcode_after_footer_widgets":"","ocean_shortcode_before_footer_bottom":"","ocean_shortcode_after_footer_bottom":"","ocean_display_top_bar":"off","ocean_display_header":"default","ocean_header_style":"","ocean_center_header_left_menu":"0","ocean_custom_header_template":"0","ocean_custom_logo":0,"ocean_custom_retina_logo":0,"ocean_custom_logo_max_width":0,"ocean_custom_logo_tablet_max_width":0,"ocean_custom_logo_mobile_max_width":0,"ocean_custom_logo_max_height":0,"ocean_custom_logo_tablet_max_height":0,"ocean_custom_logo_mobile_max_height":0,"ocean_header_custom_menu":"0","ocean_menu_typo_font_family":"0","ocean_menu_typo_font_subset":"","ocean_menu_typo_font_size":0,"ocean_menu_typo_font_size_tablet":0,"ocean_menu_typo_font_size_mobile":0,"ocean_menu_typo_font_size_unit":"px","ocean_menu_typo_font_weight":"","ocean_menu_typo_font_weight_tablet":"","ocean_menu_typo_font_weight_mobile":"","ocean_menu_typo_transform":"","ocean_menu_typo_transform_tablet":"","ocean_menu_typo_transform_mobile":"","ocean_menu_typo_line_height":0,"ocean_menu_typo_line_height_tablet":0,"ocean_menu_typo_line_height_mobile":0,"ocean_menu_typo_line_height_unit":"","ocean_menu_typo_spacing":0,"ocean_menu_typo_spacing_tablet":0,"ocean_menu_typo_spacing_mobile":0,"ocean_menu_typo_spacing_unit":"","ocean_menu_link_color":"","ocean_menu_link_color_hover":"","ocean_menu_link_color_active":"","ocean_menu_link_background":"","ocean_menu_link_hover_background":"","ocean_menu_link_active_background":"","ocean_menu_social_links_bg":"","ocean_menu_social_hover_links_bg":"","ocean_menu_social_links_color":"","ocean_menu_social_hover_links_color":"","ocean_disable_title":"on","ocean_disable_heading":"default","ocean_post_title":"","ocean_post_subheading":"","ocean_post_title_style":"","ocean_post_title_background_color":"","ocean_post_title_background":0,"ocean_post_title_bg_image_position":"","ocean_post_title_bg_image_attachment":"","ocean_post_title_bg_image_repeat":"","ocean_post_title_bg_image_size":"","ocean_post_title_height":0,"ocean_post_title_bg_overlay":0.5,"ocean_post_title_bg_overlay_color":"","ocean_disable_breadcrumbs":"default","ocean_breadcrumbs_color":"","ocean_breadcrumbs_separator_color":"","ocean_breadcrumbs_links_color":"","ocean_breadcrumbs_links_hover_color":"","ocean_display_footer_widgets":"default","ocean_display_footer_bottom":"default","ocean_custom_footer_template":"0","footnotes":""},"class_list":["post-73","page","type-page","status-publish","hentry","entry"],"_links":{"self":[{"href":"https:\/\/www.tps-recruitment.de\/en\/wp-json\/wp\/v2\/pages\/73","targetHints":{"allow":["GET"]}}],"collection":[{"href":"https:\/\/www.tps-recruitment.de\/en\/wp-json\/wp\/v2\/pages"}],"about":[{"href":"https:\/\/www.tps-recruitment.de\/en\/wp-json\/wp\/v2\/types\/page"}],"author":[{"embeddable":true,"href":"https:\/\/www.tps-recruitment.de\/en\/wp-json\/wp\/v2\/users\/1"}],"replies":[{"embeddable":true,"href":"https:\/\/www.tps-recruitment.de\/en\/wp-json\/wp\/v2\/comments?post=73"}],"version-history":[{"count":24,"href":"https:\/\/www.tps-recruitment.de\/en\/wp-json\/wp\/v2\/pages\/73\/revisions"}],"predecessor-version":[{"id":520,"href":"https:\/\/www.tps-recruitment.de\/en\/wp-json\/wp\/v2\/pages\/73\/revisions\/520"}],"wp:attachment":[{"href":"https:\/\/www.tps-recruitment.de\/en\/wp-json\/wp\/v2\/media?parent=73"}],"curies":[{"name":"wp","href":"https:\/\/api.w.org\/{rel}","templated":true}]}}